{"id":23943,"date":"2021-11-15T11:38:52","date_gmt":"2021-11-15T11:38:52","guid":{"rendered":"https:\/\/gcutzbarbershop.hu\/barber-shop-prices\/"},"modified":"2024-08-30T16:37:48","modified_gmt":"2024-08-30T16:37:48","slug":"barber-shop-prices","status":"publish","type":"page","link":"https:\/\/gcutzbarbershop.hu\/en\/barber-shop-prices\/","title":{"rendered":"Barber Shop Prices"},"content":{"rendered":"\n<div class=\"wp-block-cover alignfull has-black-background-color has-background-dim\" style=\"min-height:220px;aspect-ratio:unset;\"><img loading=\"lazy\" decoding=\"async\" width=\"1469\" height=\"446\" class=\"wp-block-cover__image-background wp-image-21384\" alt=\"\" src=\"https:\/\/gcutzbarbershop.hu\/wp-content\/uploads\/2021\/11\/barber-references.jpg\" data-object-fit=\"cover\" srcset=\"https:\/\/gcutzbarbershop.hu\/wp-content\/uploads\/2021\/11\/barber-references.jpg 1469w, https:\/\/gcutzbarbershop.hu\/wp-content\/uploads\/2021\/11\/barber-references-300x91.jpg 300w, https:\/\/gcutzbarbershop.hu\/wp-content\/uploads\/2021\/11\/barber-references-1024x311.jpg 1024w, https:\/\/gcutzbarbershop.hu\/wp-content\/uploads\/2021\/11\/barber-references-768x233.jpg 768w\" sizes=\"(max-width: 1469px) 100vw, 1469px\" \/><div class=\"wp-block-cover__inner-container is-layout-flow wp-block-cover-is-layout-flow\">\n<h1 class=\"has-text-align-center wp-block-heading\">Barber shop prices<\/h1>\n<\/div><\/div>\n\n<figure class=\"wp-block-table\"><table><tbody><tr><td>\u2702 <strong>MEN&#8217;S HAIRCUT<\/strong><br\/><em>Wash + styling + cut with clippers and scissors + neck shave + blow dry + finish with wax \/ product.<\/em><\/td><th>6.000 Ft<\/th><\/tr><tr><td>\u2702 <strong>SKINFADE \/ LONG HAIRCUT<\/strong><br\/><em>Choose this one if you want to go from scratch \/ skin to transition.<\/em><\/td><th>7.000 Ft<\/th><\/tr><tr><td>\u2702 <strong>HAIR CUT +<\/strong><em>BEARD<\/em> <strong>LIGHTENING<\/strong><br\/><em>In addition to a full haircut, beard straightening, shave finishing with beard oil.<\/em><\/td><th>9.000 Ft<\/th><\/tr><tr><td>\u2702 <strong>SPECIALIZED FIXTURES<\/strong><br\/><em>Sharp, round, pointed, long, short, stubble, transition, shaved, we can do it all! <\/em> <\/td><th>4.000 Ft<\/th><\/tr><tr><td>\u2702 <strong>BOROTHING<\/strong><br\/><em>Face or head<\/em>, <em>bald with blade or machine.<\/em><\/td><th>5.000 Ft<\/th><\/tr><tr><td><strong>\u2702 ONE-LENGTH HAIRCUT<\/strong><br\/><em>Haircut with clippers to one length.<\/em><\/td><th>3.500 Ft<\/th><\/tr><tr><td><strong>\u2702 CHILDREN&#8217;S HAIRCUT (FROM 8 YEARS)<\/strong><br\/><em>If you just want to bring the heir to the throne.<\/em><\/td><th>5.000 Ft<\/th><\/tr><\/tbody><\/table><\/figure>\n\n<p><\/p>\n\n<div class=\"wp-block-quickberg-section-advanced alignfull quickberg-section  quickberg-section--darkgreen has-darkgreen-background-color quickberg-section-has-vertical-padding\"><div class=\"site narrow\">\n<h2 class=\"wp-block-heading has-text-align-center has-medium-font-size has-white-color has-text-color\">You are our guest for a refreshment!<\/h2>\n\n\n\n<hr class=\"wp-block-separator has-css-opacity\"\/>\n\n\n\n<div class=\"wp-block-quickberg-g12-columns g12 nomargins\"><div class=\"row\">\n<div class=\"wp-block-quickberg-g12-column undefined col t_6\">\n<p class=\"has-white-color has-text-color\">With all our services you can choose an ice-cold drink from our fridge, be it Jack Daniel&#8217;s whiskey, Chianti Beer or some of the Coca Cola products.<\/p>\n\n\n\n<p class=\"has-white-color has-text-color\">It&#8217;s of paramount importance to us that your time with us is a proper barber experience you look forward to.<\/p>\n\n\n\n<p class=\"has-white-color has-text-color\">Book an appointment with any of our barbers conveniently online by clicking the button below, or just drop by without a reservation if you&#8217;re in the Blaha area! Erzs\u00e9bet k\u00f6r\u00fat 16!<\/p>\n\n\n\n<div class=\"wp-block-buttons is-layout-flex wp-block-buttons-is-layout-flex\">\n<div class=\"wp-block-button\"><a class=\"wp-block-button__link wp-element-button\" href=\"https:\/\/www.fresha.com\/book-now\/gents-of-budapest-w8f943tp\/services?lid=1381089eid=3194615pId=656123\" target=\"_blank\" rel=\"noreferrer noopener\">FREE SLOTS &gt;&gt;<\/a><\/div>\n<\/div>\n<\/div>\n\n\n\n<div class=\"wp-block-quickberg-g12-column undefined col t_6\">\n<figure class=\"wp-block-image size-full\"><img loading=\"lazy\" decoding=\"async\" width=\"1000\" height=\"588\" src=\"https:\/\/gcutzbarbershop.hu\/wp-content\/uploads\/2021\/11\/g-frissito-2.png\" alt=\"\" class=\"wp-image-264\" srcset=\"https:\/\/gcutzbarbershop.hu\/wp-content\/uploads\/2021\/11\/g-frissito-2.png 1000w, https:\/\/gcutzbarbershop.hu\/wp-content\/uploads\/2021\/11\/g-frissito-2-300x176.png 300w, https:\/\/gcutzbarbershop.hu\/wp-content\/uploads\/2021\/11\/g-frissito-2-768x452.png 768w\" sizes=\"(max-width: 1000px) 100vw, 1000px\" \/><\/figure>\n<\/div>\n<\/div><\/div>\n<\/div><\/div>\n","protected":false},"excerpt":{"rendered":"","protected":false},"author":7,"featured_media":0,"parent":0,"menu_order":0,"comment_status":"closed","ping_status":"closed","template":"","meta":{"disable_template_blocks":false,"footnotes":""},"class_list":["post-23943","page","type-page","status-publish","hentry"],"yoast_head":"<!-- This site is optimized with the Yoast SEO plugin v25.2 - https:\/\/yoast.com\/wordpress\/plugins\/seo\/ -->\n<title>G-cutz barber shop Budapest - Barber prices \/ barber prices<\/title>\n<meta name=\"description\" content=\"At the G-cutz barber shop, we work at these prices. In G-cutz barber shop Budapest this is our barber price list. Book an appointment!\" \/>\n<meta name=\"robots\" content=\"index, follow, max-snippet:-1, max-image-preview:large, max-video-preview:-1\" \/>\n<link rel=\"canonical\" href=\"https:\/\/gcutzbarbershop.hu\/en\/barber-shop-prices\/\" \/>\n<meta property=\"og:locale\" content=\"en_US\" \/>\n<meta property=\"og:type\" content=\"article\" \/>\n<meta property=\"og:title\" content=\"G-cutz barber shop Budapest - Barber prices \/ barber prices\" \/>\n<meta property=\"og:description\" content=\"At the G-cutz barber shop, we work at these prices. In G-cutz barber shop Budapest this is our barber price list. Book an appointment!\" \/>\n<meta property=\"og:url\" content=\"https:\/\/gcutzbarbershop.hu\/en\/barber-shop-prices\/\" \/>\n<meta property=\"og:site_name\" content=\"G-cutz barber shop\" \/>\n<meta property=\"article:modified_time\" content=\"2024-08-30T16:37:48+00:00\" \/>\n<meta property=\"og:image\" content=\"https:\/\/gcutzbarbershop.hu\/wp-content\/uploads\/2021\/11\/barber-references.jpg\" \/>\n<meta name=\"twitter:card\" content=\"summary_large_image\" \/>\n<meta name=\"twitter:label1\" content=\"Est. reading time\" \/>\n\t<meta name=\"twitter:data1\" content=\"1 minute\" \/>\n<script type=\"application\/ld+json\" class=\"yoast-schema-graph\">{\"@context\":\"https:\/\/schema.org\",\"@graph\":[{\"@type\":\"WebPage\",\"@id\":\"https:\/\/gcutzbarbershop.hu\/en\/barber-shop-prices\/\",\"url\":\"https:\/\/gcutzbarbershop.hu\/en\/barber-shop-prices\/\",\"name\":\"G-cutz barber shop Budapest - Barber prices \/ barber prices\",\"isPartOf\":{\"@id\":\"https:\/\/gcutzbarbershop.hu\/en\/#website\"},\"primaryImageOfPage\":{\"@id\":\"https:\/\/gcutzbarbershop.hu\/en\/barber-shop-prices\/#primaryimage\"},\"image\":{\"@id\":\"https:\/\/gcutzbarbershop.hu\/en\/barber-shop-prices\/#primaryimage\"},\"thumbnailUrl\":\"https:\/\/gcutzbarbershop.hu\/wp-content\/uploads\/2021\/11\/barber-references.jpg\",\"datePublished\":\"2021-11-15T11:38:52+00:00\",\"dateModified\":\"2024-08-30T16:37:48+00:00\",\"description\":\"At the G-cutz barber shop, we work at these prices. In G-cutz barber shop Budapest this is our barber price list. Book an appointment!\",\"breadcrumb\":{\"@id\":\"https:\/\/gcutzbarbershop.hu\/en\/barber-shop-prices\/#breadcrumb\"},\"inLanguage\":\"en-US\",\"potentialAction\":[{\"@type\":\"ReadAction\",\"target\":[\"https:\/\/gcutzbarbershop.hu\/en\/barber-shop-prices\/\"]}]},{\"@type\":\"ImageObject\",\"inLanguage\":\"en-US\",\"@id\":\"https:\/\/gcutzbarbershop.hu\/en\/barber-shop-prices\/#primaryimage\",\"url\":\"https:\/\/gcutzbarbershop.hu\/wp-content\/uploads\/2021\/11\/barber-references.jpg\",\"contentUrl\":\"https:\/\/gcutzbarbershop.hu\/wp-content\/uploads\/2021\/11\/barber-references.jpg\"},{\"@type\":\"BreadcrumbList\",\"@id\":\"https:\/\/gcutzbarbershop.hu\/en\/barber-shop-prices\/#breadcrumb\",\"itemListElement\":[{\"@type\":\"ListItem\",\"position\":1,\"name\":\"Kezd\u0151lap\",\"item\":\"https:\/\/gcutzbarbershop.hu\/en\/\"},{\"@type\":\"ListItem\",\"position\":2,\"name\":\"Barber Shop Prices\"}]},{\"@type\":\"WebSite\",\"@id\":\"https:\/\/gcutzbarbershop.hu\/en\/#website\",\"url\":\"https:\/\/gcutzbarbershop.hu\/en\/\",\"name\":\"G-cutz barber shop\",\"description\":\"Barber shop Budapest, F\u00e9rfi fodr\u00e1szat \u00e9s borb\u00e9ly - Blaha Erzs\u00e9bet k\u00f6r\u00fat 16\",\"potentialAction\":[{\"@type\":\"SearchAction\",\"target\":{\"@type\":\"EntryPoint\",\"urlTemplate\":\"https:\/\/gcutzbarbershop.hu\/en\/?s={search_term_string}\"},\"query-input\":{\"@type\":\"PropertyValueSpecification\",\"valueRequired\":true,\"valueName\":\"search_term_string\"}}],\"inLanguage\":\"en-US\"}]}<\/script>\n<!-- \/ Yoast SEO plugin. -->","yoast_head_json":{"title":"G-cutz barber shop Budapest - Barber prices \/ barber prices","description":"At the G-cutz barber shop, we work at these prices. In G-cutz barber shop Budapest this is our barber price list. Book an appointment!","robots":{"index":"index","follow":"follow","max-snippet":"max-snippet:-1","max-image-preview":"max-image-preview:large","max-video-preview":"max-video-preview:-1"},"canonical":"https:\/\/gcutzbarbershop.hu\/en\/barber-shop-prices\/","og_locale":"en_US","og_type":"article","og_title":"G-cutz barber shop Budapest - Barber prices \/ barber prices","og_description":"At the G-cutz barber shop, we work at these prices. In G-cutz barber shop Budapest this is our barber price list. Book an appointment!","og_url":"https:\/\/gcutzbarbershop.hu\/en\/barber-shop-prices\/","og_site_name":"G-cutz barber shop","article_modified_time":"2024-08-30T16:37:48+00:00","og_image":[{"url":"https:\/\/gcutzbarbershop.hu\/wp-content\/uploads\/2021\/11\/barber-references.jpg","type":"","width":"","height":""}],"twitter_card":"summary_large_image","twitter_misc":{"Est. reading time":"1 minute"},"schema":{"@context":"https:\/\/schema.org","@graph":[{"@type":"WebPage","@id":"https:\/\/gcutzbarbershop.hu\/en\/barber-shop-prices\/","url":"https:\/\/gcutzbarbershop.hu\/en\/barber-shop-prices\/","name":"G-cutz barber shop Budapest - Barber prices \/ barber prices","isPartOf":{"@id":"https:\/\/gcutzbarbershop.hu\/en\/#website"},"primaryImageOfPage":{"@id":"https:\/\/gcutzbarbershop.hu\/en\/barber-shop-prices\/#primaryimage"},"image":{"@id":"https:\/\/gcutzbarbershop.hu\/en\/barber-shop-prices\/#primaryimage"},"thumbnailUrl":"https:\/\/gcutzbarbershop.hu\/wp-content\/uploads\/2021\/11\/barber-references.jpg","datePublished":"2021-11-15T11:38:52+00:00","dateModified":"2024-08-30T16:37:48+00:00","description":"At the G-cutz barber shop, we work at these prices. In G-cutz barber shop Budapest this is our barber price list. Book an appointment!","breadcrumb":{"@id":"https:\/\/gcutzbarbershop.hu\/en\/barber-shop-prices\/#breadcrumb"},"inLanguage":"en-US","potentialAction":[{"@type":"ReadAction","target":["https:\/\/gcutzbarbershop.hu\/en\/barber-shop-prices\/"]}]},{"@type":"ImageObject","inLanguage":"en-US","@id":"https:\/\/gcutzbarbershop.hu\/en\/barber-shop-prices\/#primaryimage","url":"https:\/\/gcutzbarbershop.hu\/wp-content\/uploads\/2021\/11\/barber-references.jpg","contentUrl":"https:\/\/gcutzbarbershop.hu\/wp-content\/uploads\/2021\/11\/barber-references.jpg"},{"@type":"BreadcrumbList","@id":"https:\/\/gcutzbarbershop.hu\/en\/barber-shop-prices\/#breadcrumb","itemListElement":[{"@type":"ListItem","position":1,"name":"Kezd\u0151lap","item":"https:\/\/gcutzbarbershop.hu\/en\/"},{"@type":"ListItem","position":2,"name":"Barber Shop Prices"}]},{"@type":"WebSite","@id":"https:\/\/gcutzbarbershop.hu\/en\/#website","url":"https:\/\/gcutzbarbershop.hu\/en\/","name":"G-cutz barber shop","description":"Barber shop Budapest, F\u00e9rfi fodr\u00e1szat \u00e9s borb\u00e9ly - Blaha Erzs\u00e9bet k\u00f6r\u00fat 16","potentialAction":[{"@type":"SearchAction","target":{"@type":"EntryPoint","urlTemplate":"https:\/\/gcutzbarbershop.hu\/en\/?s={search_term_string}"},"query-input":{"@type":"PropertyValueSpecification","valueRequired":true,"valueName":"search_term_string"}}],"inLanguage":"en-US"}]}},"_links":{"self":[{"href":"https:\/\/gcutzbarbershop.hu\/en\/wp-json\/wp\/v2\/pages\/23943"}],"collection":[{"href":"https:\/\/gcutzbarbershop.hu\/en\/wp-json\/wp\/v2\/pages"}],"about":[{"href":"https:\/\/gcutzbarbershop.hu\/en\/wp-json\/wp\/v2\/types\/page"}],"author":[{"embeddable":true,"href":"https:\/\/gcutzbarbershop.hu\/en\/wp-json\/wp\/v2\/users\/7"}],"replies":[{"embeddable":true,"href":"https:\/\/gcutzbarbershop.hu\/en\/wp-json\/wp\/v2\/comments?post=23943"}],"version-history":[{"count":2,"href":"https:\/\/gcutzbarbershop.hu\/en\/wp-json\/wp\/v2\/pages\/23943\/revisions"}],"predecessor-version":[{"id":23945,"href":"https:\/\/gcutzbarbershop.hu\/en\/wp-json\/wp\/v2\/pages\/23943\/revisions\/23945"}],"wp:attachment":[{"href":"https:\/\/gcutzbarbershop.hu\/en\/wp-json\/wp\/v2\/media?parent=23943"}],"curies":[{"name":"wp","href":"https:\/\/api.w.org\/{rel}","templated":true}]}}