{"id":23959,"date":"2021-11-15T11:41:03","date_gmt":"2021-11-15T11:41:03","guid":{"rendered":"https:\/\/gcutzbarbershop.hu\/barberries\/"},"modified":"2024-09-02T17:37:45","modified_gmt":"2024-09-02T17:37:45","slug":"barbers","status":"publish","type":"page","link":"https:\/\/gcutzbarbershop.hu\/en\/barbers\/","title":{"rendered":"Our Barbers"},"content":{"rendered":"\n<div class=\"wp-block-cover alignfull has-black-background-color has-background-dim\" style=\"min-height:220px;aspect-ratio:unset;\"><img loading=\"lazy\" decoding=\"async\" width=\"1469\" height=\"446\" class=\"wp-block-cover__image-background wp-image-21384\" alt=\"\" src=\"https:\/\/gcutzbarbershop.hu\/wp-content\/uploads\/2021\/11\/barber-references.jpg\" data-object-fit=\"cover\" srcset=\"https:\/\/gcutzbarbershop.hu\/wp-content\/uploads\/2021\/11\/barber-references.jpg 1469w, https:\/\/gcutzbarbershop.hu\/wp-content\/uploads\/2021\/11\/barber-references-300x91.jpg 300w, https:\/\/gcutzbarbershop.hu\/wp-content\/uploads\/2021\/11\/barber-references-1024x311.jpg 1024w, https:\/\/gcutzbarbershop.hu\/wp-content\/uploads\/2021\/11\/barber-references-768x233.jpg 768w\" sizes=\"(max-width: 1469px) 100vw, 1469px\" \/><div class=\"wp-block-cover__inner-container is-layout-flow wp-block-cover-is-layout-flow\">\n<h1 class=\"has-text-align-center wp-block-heading\">Our Barbers<\/h1>\n<\/div><\/div>\n\n<div class=\"wp-block-quickberg-section-advanced alignfull quickberg-section  quickberg-section--white has-white-background-color quickberg-section-has-vertical-padding\"><div class=\"site narrow\">\n<div style=\"height:20px\" aria-hidden=\"true\" class=\"wp-block-spacer\"><\/div>\n\n\n\r\n\t\t<div class=\"alignfull all-offices\">\r\n\t\t<div class=\"g12 nomargins nogaps\">\r\n\t\t\t<div class=\"row\">\r\n\t\t<div class=\"col c_12 t_12\"><h2 class=\"office-title\">G-cutz barber shop<\/h2><\/div><\/div>\t\t<\/div>\r\n\t\t<\/div>\r\n\t\t<\/div>\r\n\t\t\n<\/div><\/div>\n","protected":false},"excerpt":{"rendered":"","protected":false},"author":7,"featured_media":0,"parent":0,"menu_order":0,"comment_status":"closed","ping_status":"closed","template":"","meta":{"disable_template_blocks":false,"footnotes":""},"class_list":["post-23959","page","type-page","status-publish","hentry"],"yoast_head":"<!-- This site is optimized with the Yoast SEO plugin v25.2 - https:\/\/yoast.com\/wordpress\/plugins\/seo\/ -->\n<title>Meet the gangster barbers at G-cutz Barber Shop Budapest!<\/title>\n<meta name=\"description\" content=\"Meet our barbers and their work and online booking. Choose a barber you like and log in!\" \/>\n<meta name=\"robots\" content=\"index, follow, max-snippet:-1, max-image-preview:large, max-video-preview:-1\" \/>\n<link rel=\"canonical\" href=\"https:\/\/gcutzbarbershop.hu\/en\/barbers\/\" \/>\n<meta property=\"og:locale\" content=\"en_US\" \/>\n<meta property=\"og:type\" content=\"article\" \/>\n<meta property=\"og:title\" content=\"Meet the gangster barbers at G-cutz Barber Shop Budapest!\" \/>\n<meta property=\"og:description\" content=\"Meet our barbers and their work and online booking. Choose a barber you like and log in!\" \/>\n<meta property=\"og:url\" content=\"https:\/\/gcutzbarbershop.hu\/en\/barbers\/\" \/>\n<meta property=\"og:site_name\" content=\"G-cutz barber shop\" \/>\n<meta property=\"article:modified_time\" content=\"2024-09-02T17:37:45+00:00\" \/>\n<meta property=\"og:image\" content=\"https:\/\/gcutzbarbershop.hu\/wp-content\/uploads\/2021\/11\/barber-references.jpg\" \/>\n<meta name=\"twitter:card\" content=\"summary_large_image\" \/>\n<meta name=\"twitter:label1\" content=\"Est. reading time\" \/>\n\t<meta name=\"twitter:data1\" content=\"1 minute\" \/>\n<script type=\"application\/ld+json\" class=\"yoast-schema-graph\">{\"@context\":\"https:\/\/schema.org\",\"@graph\":[{\"@type\":\"WebPage\",\"@id\":\"https:\/\/gcutzbarbershop.hu\/en\/barbers\/\",\"url\":\"https:\/\/gcutzbarbershop.hu\/en\/barbers\/\",\"name\":\"Meet the gangster barbers at G-cutz Barber Shop Budapest!\",\"isPartOf\":{\"@id\":\"https:\/\/gcutzbarbershop.hu\/en\/#website\"},\"primaryImageOfPage\":{\"@id\":\"https:\/\/gcutzbarbershop.hu\/en\/barbers\/#primaryimage\"},\"image\":{\"@id\":\"https:\/\/gcutzbarbershop.hu\/en\/barbers\/#primaryimage\"},\"thumbnailUrl\":\"https:\/\/gcutzbarbershop.hu\/wp-content\/uploads\/2021\/11\/barber-references.jpg\",\"datePublished\":\"2021-11-15T11:41:03+00:00\",\"dateModified\":\"2024-09-02T17:37:45+00:00\",\"description\":\"Meet our barbers and their work and online booking. Choose a barber you like and log in!\",\"breadcrumb\":{\"@id\":\"https:\/\/gcutzbarbershop.hu\/en\/barbers\/#breadcrumb\"},\"inLanguage\":\"en-US\",\"potentialAction\":[{\"@type\":\"ReadAction\",\"target\":[\"https:\/\/gcutzbarbershop.hu\/en\/barbers\/\"]}]},{\"@type\":\"ImageObject\",\"inLanguage\":\"en-US\",\"@id\":\"https:\/\/gcutzbarbershop.hu\/en\/barbers\/#primaryimage\",\"url\":\"https:\/\/gcutzbarbershop.hu\/wp-content\/uploads\/2021\/11\/barber-references.jpg\",\"contentUrl\":\"https:\/\/gcutzbarbershop.hu\/wp-content\/uploads\/2021\/11\/barber-references.jpg\"},{\"@type\":\"BreadcrumbList\",\"@id\":\"https:\/\/gcutzbarbershop.hu\/en\/barbers\/#breadcrumb\",\"itemListElement\":[{\"@type\":\"ListItem\",\"position\":1,\"name\":\"Kezd\u0151lap\",\"item\":\"https:\/\/gcutzbarbershop.hu\/en\/\"},{\"@type\":\"ListItem\",\"position\":2,\"name\":\"Our Barbers\"}]},{\"@type\":\"WebSite\",\"@id\":\"https:\/\/gcutzbarbershop.hu\/en\/#website\",\"url\":\"https:\/\/gcutzbarbershop.hu\/en\/\",\"name\":\"G-cutz barber shop\",\"description\":\"Barber shop Budapest, F\u00e9rfi fodr\u00e1szat \u00e9s borb\u00e9ly - Blaha Erzs\u00e9bet k\u00f6r\u00fat 16\",\"potentialAction\":[{\"@type\":\"SearchAction\",\"target\":{\"@type\":\"EntryPoint\",\"urlTemplate\":\"https:\/\/gcutzbarbershop.hu\/en\/?s={search_term_string}\"},\"query-input\":{\"@type\":\"PropertyValueSpecification\",\"valueRequired\":true,\"valueName\":\"search_term_string\"}}],\"inLanguage\":\"en-US\"}]}<\/script>\n<!-- \/ Yoast SEO plugin. -->","yoast_head_json":{"title":"Meet the gangster barbers at G-cutz Barber Shop Budapest!","description":"Meet our barbers and their work and online booking. Choose a barber you like and log in!","robots":{"index":"index","follow":"follow","max-snippet":"max-snippet:-1","max-image-preview":"max-image-preview:large","max-video-preview":"max-video-preview:-1"},"canonical":"https:\/\/gcutzbarbershop.hu\/en\/barbers\/","og_locale":"en_US","og_type":"article","og_title":"Meet the gangster barbers at G-cutz Barber Shop Budapest!","og_description":"Meet our barbers and their work and online booking. Choose a barber you like and log in!","og_url":"https:\/\/gcutzbarbershop.hu\/en\/barbers\/","og_site_name":"G-cutz barber shop","article_modified_time":"2024-09-02T17:37:45+00:00","og_image":[{"url":"https:\/\/gcutzbarbershop.hu\/wp-content\/uploads\/2021\/11\/barber-references.jpg","type":"","width":"","height":""}],"twitter_card":"summary_large_image","twitter_misc":{"Est. reading time":"1 minute"},"schema":{"@context":"https:\/\/schema.org","@graph":[{"@type":"WebPage","@id":"https:\/\/gcutzbarbershop.hu\/en\/barbers\/","url":"https:\/\/gcutzbarbershop.hu\/en\/barbers\/","name":"Meet the gangster barbers at G-cutz Barber Shop Budapest!","isPartOf":{"@id":"https:\/\/gcutzbarbershop.hu\/en\/#website"},"primaryImageOfPage":{"@id":"https:\/\/gcutzbarbershop.hu\/en\/barbers\/#primaryimage"},"image":{"@id":"https:\/\/gcutzbarbershop.hu\/en\/barbers\/#primaryimage"},"thumbnailUrl":"https:\/\/gcutzbarbershop.hu\/wp-content\/uploads\/2021\/11\/barber-references.jpg","datePublished":"2021-11-15T11:41:03+00:00","dateModified":"2024-09-02T17:37:45+00:00","description":"Meet our barbers and their work and online booking. Choose a barber you like and log in!","breadcrumb":{"@id":"https:\/\/gcutzbarbershop.hu\/en\/barbers\/#breadcrumb"},"inLanguage":"en-US","potentialAction":[{"@type":"ReadAction","target":["https:\/\/gcutzbarbershop.hu\/en\/barbers\/"]}]},{"@type":"ImageObject","inLanguage":"en-US","@id":"https:\/\/gcutzbarbershop.hu\/en\/barbers\/#primaryimage","url":"https:\/\/gcutzbarbershop.hu\/wp-content\/uploads\/2021\/11\/barber-references.jpg","contentUrl":"https:\/\/gcutzbarbershop.hu\/wp-content\/uploads\/2021\/11\/barber-references.jpg"},{"@type":"BreadcrumbList","@id":"https:\/\/gcutzbarbershop.hu\/en\/barbers\/#breadcrumb","itemListElement":[{"@type":"ListItem","position":1,"name":"Kezd\u0151lap","item":"https:\/\/gcutzbarbershop.hu\/en\/"},{"@type":"ListItem","position":2,"name":"Our Barbers"}]},{"@type":"WebSite","@id":"https:\/\/gcutzbarbershop.hu\/en\/#website","url":"https:\/\/gcutzbarbershop.hu\/en\/","name":"G-cutz barber shop","description":"Barber shop Budapest, F\u00e9rfi fodr\u00e1szat \u00e9s borb\u00e9ly - Blaha Erzs\u00e9bet k\u00f6r\u00fat 16","potentialAction":[{"@type":"SearchAction","target":{"@type":"EntryPoint","urlTemplate":"https:\/\/gcutzbarbershop.hu\/en\/?s={search_term_string}"},"query-input":{"@type":"PropertyValueSpecification","valueRequired":true,"valueName":"search_term_string"}}],"inLanguage":"en-US"}]}},"_links":{"self":[{"href":"https:\/\/gcutzbarbershop.hu\/en\/wp-json\/wp\/v2\/pages\/23959"}],"collection":[{"href":"https:\/\/gcutzbarbershop.hu\/en\/wp-json\/wp\/v2\/pages"}],"about":[{"href":"https:\/\/gcutzbarbershop.hu\/en\/wp-json\/wp\/v2\/types\/page"}],"author":[{"embeddable":true,"href":"https:\/\/gcutzbarbershop.hu\/en\/wp-json\/wp\/v2\/users\/7"}],"replies":[{"embeddable":true,"href":"https:\/\/gcutzbarbershop.hu\/en\/wp-json\/wp\/v2\/comments?post=23959"}],"version-history":[{"count":13,"href":"https:\/\/gcutzbarbershop.hu\/en\/wp-json\/wp\/v2\/pages\/23959\/revisions"}],"predecessor-version":[{"id":24126,"href":"https:\/\/gcutzbarbershop.hu\/en\/wp-json\/wp\/v2\/pages\/23959\/revisions\/24126"}],"wp:attachment":[{"href":"https:\/\/gcutzbarbershop.hu\/en\/wp-json\/wp\/v2\/media?parent=23959"}],"curies":[{"name":"wp","href":"https:\/\/api.w.org\/{rel}","templated":true}]}}