{"id":23976,"date":"2021-12-20T08:17:31","date_gmt":"2021-12-20T08:17:31","guid":{"rendered":"https:\/\/gcutzbarbershop.hu\/one-length-haircut-at-higher-levels\/"},"modified":"2024-07-09T18:54:20","modified_gmt":"2024-07-09T18:54:20","slug":"one-length-haircut-at-higher-levels","status":"publish","type":"page","link":"https:\/\/gcutzbarbershop.hu\/en\/one-length-haircut-at-higher-levels\/","title":{"rendered":"Take one lenght haircut to the next level"},"content":{"rendered":"\n<div style=\"height:100px\" aria-hidden=\"true\" class=\"wp-block-spacer\"><\/div>\n\n<h1 class=\"wp-block-heading\">Take one lenght haircut to the next level<\/h1>\n\n<p>Some people prefer a simpler look. An easy to maintain one-length hair style with a possible transition. The good thing about a one-length hairstyle is that it&#8217;s really simple. Not only to cut, but also to wear. It requires very little maintenance and you can wear it with pretty much anything. In our barber shop, a one-length haircut is not a boring hairstyle either! We tailor it to your individual features, so that it brings out the best in your face. We can jazz it up with a simpler or more dominant transition, but if you want a classic clipper downshift, we can do that too! Don&#8217;t experiment with it at home, trust me, you need to hold the clipper at the right angle all the time to get the perfect hairstyle, and it&#8217;s really hard to do it alone, especially in the back! Come and we&#8217;ll help! <\/p>\n\n<h2 class=\"wp-block-heading\">ONE LENGTH HAIRCUT<\/h2>\n\n<p>A one-length haircut means that your hair is cut to one length on top. Many people think that with this hairstyle, you&#8217;d only get an easy clipper job, which may be true in many places, but not in our barber shop. If you want, we can add a transition to the sides, just the way you like it. The perfect choice for those looking for a fashionable but simple and &#8220;unpretentious&#8221; hairstyle.<\/p>\n\n<div style=\"height:25px\" aria-hidden=\"true\" class=\"wp-block-spacer\"><\/div>\n\n<div class=\"wp-block-image\"><figure class=\"aligncenter size-full\"><img loading=\"lazy\" decoding=\"async\" width=\"750\" height=\"500\" src=\"https:\/\/gcutzbarbershop.hu\/wp-content\/uploads\/2021\/12\/How-Much-Do-Barbers-Make-1.jpg\" alt=\"\" class=\"wp-image-22226\" srcset=\"https:\/\/gcutzbarbershop.hu\/wp-content\/uploads\/2021\/12\/How-Much-Do-Barbers-Make-1.jpg 750w, https:\/\/gcutzbarbershop.hu\/wp-content\/uploads\/2021\/12\/How-Much-Do-Barbers-Make-1-300x200.jpg 300w\" sizes=\"(max-width: 750px) 100vw, 750px\" \/><\/figure><\/div>\n\n<div style=\"height:25px\" aria-hidden=\"true\" class=\"wp-block-spacer\"><\/div>\n\n<h2 class=\"wp-block-heading\">A HAIRCUT AT G-CUTZ BARBER SHOP<\/h2>\n\n<p>Our service starts with a styling consultation, which is at no aextra cost. We like to point this out because we really do strive for perfection. Every head shape is different, which is why everyone has a different hairstyle. We are trained to advice on what is the right length and type of hairstyle that suit different face shapes. We can help you with this during a style consultation to make sure you choose the best hairstyle that perfectly suits you!<\/p>\n\n<h2 class=\"wp-block-heading\">HAIRCUT<\/h2>\n\n<p>Once we&#8217;ve explored and agreed on the hairstyle you want, we&#8217;ll get on with the haircut. It is important to highlight that in our shop you can also request a pre-cut hair wash, this is optional. This option is not available in most shops, but we do offer it for those who request it. Then we start the haircut. For a one-length haircut, the top part of the hair will definitely be one length, which is created with a clipper. If you&#8217;d like to change up your classic look with a little transition, we&#8217;ll create that on the sides and back. Once you&#8217;re happy with your hairstyle, you can ask for a hairwash again. This is an effective way to remove any hair clippings that are left in your hair from the haircut. After the wash, we blow dry and, if you like, highlight the texture of your hair with a little styling product.<\/p>\n\n<div style=\"height:25px\" aria-hidden=\"true\" class=\"wp-block-spacer\"><\/div>\n\n<div class=\"wp-block-image\"><figure class=\"aligncenter size-large\"><img loading=\"lazy\" decoding=\"async\" width=\"1024\" height=\"1024\" src=\"https:\/\/gcutzbarbershop.hu\/wp-content\/uploads\/2021\/12\/G-cutz_szept-68-1024x1024.jpg\" alt=\"\" class=\"wp-image-22220\" srcset=\"https:\/\/gcutzbarbershop.hu\/wp-content\/uploads\/2021\/12\/G-cutz_szept-68-1024x1024.jpg 1024w, https:\/\/gcutzbarbershop.hu\/wp-content\/uploads\/2021\/12\/G-cutz_szept-68-300x300.jpg 300w, https:\/\/gcutzbarbershop.hu\/wp-content\/uploads\/2021\/12\/G-cutz_szept-68-150x150.jpg 150w, https:\/\/gcutzbarbershop.hu\/wp-content\/uploads\/2021\/12\/G-cutz_szept-68-768x768.jpg 768w, https:\/\/gcutzbarbershop.hu\/wp-content\/uploads\/2021\/12\/G-cutz_szept-68-1536x1536.jpg 1536w, https:\/\/gcutzbarbershop.hu\/wp-content\/uploads\/2021\/12\/G-cutz_szept-68-2048x2048.jpg 2048w, https:\/\/gcutzbarbershop.hu\/wp-content\/uploads\/2021\/12\/G-cutz_szept-68-360x360.jpg 360w, https:\/\/gcutzbarbershop.hu\/wp-content\/uploads\/2021\/12\/G-cutz_szept-68-600x600.jpg 600w\" sizes=\"(max-width: 1024px) 100vw, 1024px\" \/><\/figure><\/div>\n\n<div style=\"height:25px\" aria-hidden=\"true\" class=\"wp-block-spacer\"><\/div>\n\n<h2 class=\"wp-block-heading\">  WHY GO TO A BARBER FOR A LONG HAIRCUT?  <\/h2>\n\n<p>Many people ask the question and with the proliferation of easy-to-use clippers at home, many people are tempted to do some home barbering, but it&#8217;s good to know the do&#8217;s and don&#8217;ts. A clippers may seem simple, but it can get complicated quickly. To get an even cut, you need to keep the machine at an even angle all the time. This is a very difficult task, especially when you get close to the back of the head and the back of the neck.<\/p>\n\n<p>If you&#8217;re looking to create a your hairstyle with transitions, be sure to hire a professional barber! There&#8217;s no way you can do a decent transition yourself at home, especially at the back. We think that one of the secrets to a sophisticated look is a good hairstyle. To do this properly and to avoid poor results, it&#8217;s essential that you hire a professional barber, even if you want a one-length hairstyle. It may sound very simple, but believe me, it&#8217;s not!<\/p>\n\n<div style=\"height:25px\" aria-hidden=\"true\" class=\"wp-block-spacer\"><\/div>\n\n<figure class=\"wp-block-gallery columns-2 is-cropped wp-block-gallery-1 is-layout-flex wp-block-gallery-is-layout-flex\"><ul class=\"blocks-gallery-grid\"><li class=\"blocks-gallery-item\"><figure><img loading=\"lazy\" decoding=\"async\" width=\"1000\" height=\"1000\" src=\"https:\/\/gcutzbarbershop.hu\/wp-content\/uploads\/2021\/12\/uj3-1.jpg\" alt=\"\" data-id=\"22222\" data-full-url=\"https:\/\/gcutzbarbershop.hu\/wp-content\/uploads\/2021\/12\/uj3-1.jpg\" data-link=\"https:\/\/gcutzbarbershop.hu\/?attachment_id=22222\" class=\"wp-image-22222\" srcset=\"https:\/\/gcutzbarbershop.hu\/wp-content\/uploads\/2021\/12\/uj3-1.jpg 1000w, https:\/\/gcutzbarbershop.hu\/wp-content\/uploads\/2021\/12\/uj3-1-300x300.jpg 300w, https:\/\/gcutzbarbershop.hu\/wp-content\/uploads\/2021\/12\/uj3-1-150x150.jpg 150w, https:\/\/gcutzbarbershop.hu\/wp-content\/uploads\/2021\/12\/uj3-1-768x768.jpg 768w, https:\/\/gcutzbarbershop.hu\/wp-content\/uploads\/2021\/12\/uj3-1-360x360.jpg 360w, https:\/\/gcutzbarbershop.hu\/wp-content\/uploads\/2021\/12\/uj3-1-600x600.jpg 600w\" sizes=\"(max-width: 1000px) 100vw, 1000px\" \/><\/figure><\/li><li class=\"blocks-gallery-item\"><figure><img loading=\"lazy\" decoding=\"async\" width=\"1000\" height=\"1000\" src=\"https:\/\/gcutzbarbershop.hu\/wp-content\/uploads\/2021\/12\/4-3.jpg\" alt=\"\" data-id=\"22223\" data-full-url=\"https:\/\/gcutzbarbershop.hu\/wp-content\/uploads\/2021\/12\/4-3.jpg\" data-link=\"https:\/\/gcutzbarbershop.hu\/?attachment_id=22223\" class=\"wp-image-22223\" srcset=\"https:\/\/gcutzbarbershop.hu\/wp-content\/uploads\/2021\/12\/4-3.jpg 1000w, https:\/\/gcutzbarbershop.hu\/wp-content\/uploads\/2021\/12\/4-3-300x300.jpg 300w, https:\/\/gcutzbarbershop.hu\/wp-content\/uploads\/2021\/12\/4-3-150x150.jpg 150w, https:\/\/gcutzbarbershop.hu\/wp-content\/uploads\/2021\/12\/4-3-768x768.jpg 768w, https:\/\/gcutzbarbershop.hu\/wp-content\/uploads\/2021\/12\/4-3-360x360.jpg 360w, https:\/\/gcutzbarbershop.hu\/wp-content\/uploads\/2021\/12\/4-3-600x600.jpg 600w\" sizes=\"(max-width: 1000px) 100vw, 1000px\" \/><\/figure><\/li><\/ul><\/figure>\n\n<div style=\"height:25px\" aria-hidden=\"true\" class=\"wp-block-spacer\"><\/div>\n\n<blockquote class=\"wp-block-quote is-layout-flow wp-block-quote-is-layout-flow\"><p><\/p><cite> If you visit us, don&#8217;t forget to ask for your free refreshments! All our services come with a complimentary whisky, beer or soft drink to enjoy before, during or after your haircut! <\/cite><\/blockquote>\n\n<div style=\"height:40px\" aria-hidden=\"true\" class=\"wp-block-spacer\"><\/div>\n\n<h2 class=\"wp-block-heading\">CHOOSE G-CUTZ BARBER SHOP<\/h2>\n\n<p>Want a simple but great hairstyle? Don&#8217;t settle for mediocre quality, hire a professional barber to get the perfect haircut. Forget home-made haircuts that are patchy and uneven. Our skilled barbers have been working exclusively with men&#8217;s hair and beards for years, so they can handle any style with maximum care. Every detail is taken care of, so you get guaranteed quality. You can walk-in to our shop without a reservation, but if you want a guaranteed slot and avoid waiting time, click on the link and book an appointment! <\/p>\n\n<div class=\"wp-block-buttons is-content-justification-center is-layout-flex wp-block-buttons-is-layout-flex\">\n<div class=\"wp-block-button\"><a class=\"wp-block-button__link\" href=\"\" target=\"_blank\" rel=\"noreferrer noopener\">BOOK NOW<\/a><\/div>\n<\/div>\n\n<div style=\"height:100px\" aria-hidden=\"true\" class=\"wp-block-spacer\"><\/div>\n","protected":false},"excerpt":{"rendered":"<p>Take one lenght haircut to the next level Some people prefer a simpler look. An easy to maintain one-length hair style with a possible transition. The good thing about a one-length hairstyle is that it&#8217;s really simple. Not only to cut, but also to wear. It requires very little maintenance and you can wear it [&hellip;]<\/p>\n","protected":false},"author":7,"featured_media":0,"parent":0,"menu_order":0,"comment_status":"closed","ping_status":"closed","template":"","meta":{"disable_template_blocks":false,"footnotes":""},"class_list":["post-23976","page","type-page","status-publish","hentry"],"yoast_head":"<!-- This site is optimized with the Yoast SEO plugin v25.2 - https:\/\/yoast.com\/wordpress\/plugins\/seo\/ -->\n<title>Take one length haircut to the next level<\/title>\n<meta name=\"description\" content=\"One length haircut: short on top, short on the sides, but not only that! You can also have a transition with one length hair if you want something more special!\" \/>\n<meta name=\"robots\" content=\"index, follow, max-snippet:-1, max-image-preview:large, max-video-preview:-1\" \/>\n<link rel=\"canonical\" href=\"https:\/\/gcutzbarbershop.hu\/en\/one-length-haircut-at-higher-levels\/\" \/>\n<meta property=\"og:locale\" content=\"en_US\" \/>\n<meta property=\"og:type\" content=\"article\" \/>\n<meta property=\"og:title\" content=\"Take one length haircut to the next level\" \/>\n<meta property=\"og:description\" content=\"One length haircut: short on top, short on the sides, but not only that! You can also have a transition with one length hair if you want something more special!\" \/>\n<meta property=\"og:url\" content=\"https:\/\/gcutzbarbershop.hu\/en\/one-length-haircut-at-higher-levels\/\" \/>\n<meta property=\"og:site_name\" content=\"G-cutz barber shop\" \/>\n<meta property=\"article:modified_time\" content=\"2024-07-09T18:54:20+00:00\" \/>\n<meta property=\"og:image\" content=\"https:\/\/gcutzbarbershop.hu\/wp-content\/uploads\/2021\/12\/How-Much-Do-Barbers-Make-1.jpg\" \/>\n<meta name=\"twitter:card\" content=\"summary_large_image\" \/>\n<meta name=\"twitter:label1\" content=\"Est. reading time\" \/>\n\t<meta name=\"twitter:data1\" content=\"4 minutes\" \/>\n<script type=\"application\/ld+json\" class=\"yoast-schema-graph\">{\"@context\":\"https:\/\/schema.org\",\"@graph\":[{\"@type\":\"WebPage\",\"@id\":\"https:\/\/gcutzbarbershop.hu\/en\/one-length-haircut-at-higher-levels\/\",\"url\":\"https:\/\/gcutzbarbershop.hu\/en\/one-length-haircut-at-higher-levels\/\",\"name\":\"Take one length haircut to the next level\",\"isPartOf\":{\"@id\":\"https:\/\/gcutzbarbershop.hu\/en\/#website\"},\"primaryImageOfPage\":{\"@id\":\"https:\/\/gcutzbarbershop.hu\/en\/one-length-haircut-at-higher-levels\/#primaryimage\"},\"image\":{\"@id\":\"https:\/\/gcutzbarbershop.hu\/en\/one-length-haircut-at-higher-levels\/#primaryimage\"},\"thumbnailUrl\":\"https:\/\/gcutzbarbershop.hu\/wp-content\/uploads\/2021\/12\/How-Much-Do-Barbers-Make-1.jpg\",\"datePublished\":\"2021-12-20T08:17:31+00:00\",\"dateModified\":\"2024-07-09T18:54:20+00:00\",\"description\":\"One length haircut: short on top, short on the sides, but not only that! You can also have a transition with one length hair if you want something more special!\",\"breadcrumb\":{\"@id\":\"https:\/\/gcutzbarbershop.hu\/en\/one-length-haircut-at-higher-levels\/#breadcrumb\"},\"inLanguage\":\"en-US\",\"potentialAction\":[{\"@type\":\"ReadAction\",\"target\":[\"https:\/\/gcutzbarbershop.hu\/en\/one-length-haircut-at-higher-levels\/\"]}]},{\"@type\":\"ImageObject\",\"inLanguage\":\"en-US\",\"@id\":\"https:\/\/gcutzbarbershop.hu\/en\/one-length-haircut-at-higher-levels\/#primaryimage\",\"url\":\"https:\/\/gcutzbarbershop.hu\/wp-content\/uploads\/2021\/12\/How-Much-Do-Barbers-Make-1.jpg\",\"contentUrl\":\"https:\/\/gcutzbarbershop.hu\/wp-content\/uploads\/2021\/12\/How-Much-Do-Barbers-Make-1.jpg\"},{\"@type\":\"BreadcrumbList\",\"@id\":\"https:\/\/gcutzbarbershop.hu\/en\/one-length-haircut-at-higher-levels\/#breadcrumb\",\"itemListElement\":[{\"@type\":\"ListItem\",\"position\":1,\"name\":\"Kezd\u0151lap\",\"item\":\"https:\/\/gcutzbarbershop.hu\/en\/\"},{\"@type\":\"ListItem\",\"position\":2,\"name\":\"Take one lenght haircut to the next level\"}]},{\"@type\":\"WebSite\",\"@id\":\"https:\/\/gcutzbarbershop.hu\/en\/#website\",\"url\":\"https:\/\/gcutzbarbershop.hu\/en\/\",\"name\":\"G-cutz barber shop\",\"description\":\"Barber shop Budapest, F\u00e9rfi fodr\u00e1szat \u00e9s borb\u00e9ly - Blaha Erzs\u00e9bet k\u00f6r\u00fat 16\",\"potentialAction\":[{\"@type\":\"SearchAction\",\"target\":{\"@type\":\"EntryPoint\",\"urlTemplate\":\"https:\/\/gcutzbarbershop.hu\/en\/?s={search_term_string}\"},\"query-input\":{\"@type\":\"PropertyValueSpecification\",\"valueRequired\":true,\"valueName\":\"search_term_string\"}}],\"inLanguage\":\"en-US\"}]}<\/script>\n<!-- \/ Yoast SEO plugin. -->","yoast_head_json":{"title":"Take one length haircut to the next level","description":"One length haircut: short on top, short on the sides, but not only that! You can also have a transition with one length hair if you want something more special!","robots":{"index":"index","follow":"follow","max-snippet":"max-snippet:-1","max-image-preview":"max-image-preview:large","max-video-preview":"max-video-preview:-1"},"canonical":"https:\/\/gcutzbarbershop.hu\/en\/one-length-haircut-at-higher-levels\/","og_locale":"en_US","og_type":"article","og_title":"Take one length haircut to the next level","og_description":"One length haircut: short on top, short on the sides, but not only that! You can also have a transition with one length hair if you want something more special!","og_url":"https:\/\/gcutzbarbershop.hu\/en\/one-length-haircut-at-higher-levels\/","og_site_name":"G-cutz barber shop","article_modified_time":"2024-07-09T18:54:20+00:00","og_image":[{"url":"https:\/\/gcutzbarbershop.hu\/wp-content\/uploads\/2021\/12\/How-Much-Do-Barbers-Make-1.jpg","type":"","width":"","height":""}],"twitter_card":"summary_large_image","twitter_misc":{"Est. reading time":"4 minutes"},"schema":{"@context":"https:\/\/schema.org","@graph":[{"@type":"WebPage","@id":"https:\/\/gcutzbarbershop.hu\/en\/one-length-haircut-at-higher-levels\/","url":"https:\/\/gcutzbarbershop.hu\/en\/one-length-haircut-at-higher-levels\/","name":"Take one length haircut to the next level","isPartOf":{"@id":"https:\/\/gcutzbarbershop.hu\/en\/#website"},"primaryImageOfPage":{"@id":"https:\/\/gcutzbarbershop.hu\/en\/one-length-haircut-at-higher-levels\/#primaryimage"},"image":{"@id":"https:\/\/gcutzbarbershop.hu\/en\/one-length-haircut-at-higher-levels\/#primaryimage"},"thumbnailUrl":"https:\/\/gcutzbarbershop.hu\/wp-content\/uploads\/2021\/12\/How-Much-Do-Barbers-Make-1.jpg","datePublished":"2021-12-20T08:17:31+00:00","dateModified":"2024-07-09T18:54:20+00:00","description":"One length haircut: short on top, short on the sides, but not only that! You can also have a transition with one length hair if you want something more special!","breadcrumb":{"@id":"https:\/\/gcutzbarbershop.hu\/en\/one-length-haircut-at-higher-levels\/#breadcrumb"},"inLanguage":"en-US","potentialAction":[{"@type":"ReadAction","target":["https:\/\/gcutzbarbershop.hu\/en\/one-length-haircut-at-higher-levels\/"]}]},{"@type":"ImageObject","inLanguage":"en-US","@id":"https:\/\/gcutzbarbershop.hu\/en\/one-length-haircut-at-higher-levels\/#primaryimage","url":"https:\/\/gcutzbarbershop.hu\/wp-content\/uploads\/2021\/12\/How-Much-Do-Barbers-Make-1.jpg","contentUrl":"https:\/\/gcutzbarbershop.hu\/wp-content\/uploads\/2021\/12\/How-Much-Do-Barbers-Make-1.jpg"},{"@type":"BreadcrumbList","@id":"https:\/\/gcutzbarbershop.hu\/en\/one-length-haircut-at-higher-levels\/#breadcrumb","itemListElement":[{"@type":"ListItem","position":1,"name":"Kezd\u0151lap","item":"https:\/\/gcutzbarbershop.hu\/en\/"},{"@type":"ListItem","position":2,"name":"Take one lenght haircut to the next level"}]},{"@type":"WebSite","@id":"https:\/\/gcutzbarbershop.hu\/en\/#website","url":"https:\/\/gcutzbarbershop.hu\/en\/","name":"G-cutz barber shop","description":"Barber shop Budapest, F\u00e9rfi fodr\u00e1szat \u00e9s borb\u00e9ly - Blaha Erzs\u00e9bet k\u00f6r\u00fat 16","potentialAction":[{"@type":"SearchAction","target":{"@type":"EntryPoint","urlTemplate":"https:\/\/gcutzbarbershop.hu\/en\/?s={search_term_string}"},"query-input":{"@type":"PropertyValueSpecification","valueRequired":true,"valueName":"search_term_string"}}],"inLanguage":"en-US"}]}},"_links":{"self":[{"href":"https:\/\/gcutzbarbershop.hu\/en\/wp-json\/wp\/v2\/pages\/23976"}],"collection":[{"href":"https:\/\/gcutzbarbershop.hu\/en\/wp-json\/wp\/v2\/pages"}],"about":[{"href":"https:\/\/gcutzbarbershop.hu\/en\/wp-json\/wp\/v2\/types\/page"}],"author":[{"embeddable":true,"href":"https:\/\/gcutzbarbershop.hu\/en\/wp-json\/wp\/v2\/users\/7"}],"replies":[{"embeddable":true,"href":"https:\/\/gcutzbarbershop.hu\/en\/wp-json\/wp\/v2\/comments?post=23976"}],"version-history":[{"count":6,"href":"https:\/\/gcutzbarbershop.hu\/en\/wp-json\/wp\/v2\/pages\/23976\/revisions"}],"predecessor-version":[{"id":23988,"href":"https:\/\/gcutzbarbershop.hu\/en\/wp-json\/wp\/v2\/pages\/23976\/revisions\/23988"}],"wp:attachment":[{"href":"https:\/\/gcutzbarbershop.hu\/en\/wp-json\/wp\/v2\/media?parent=23976"}],"curies":[{"name":"wp","href":"https:\/\/api.w.org\/{rel}","templated":true}]}}