{"id":24036,"date":"2021-11-18T19:03:55","date_gmt":"2021-11-18T19:03:55","guid":{"rendered":"https:\/\/gcutzbarbershop.hu\/shave-your-head\/"},"modified":"2024-09-23T18:38:52","modified_gmt":"2024-09-23T18:38:52","slug":"shave-your-head","status":"publish","type":"page","link":"https:\/\/gcutzbarbershop.hu\/en\/shave-your-head\/","title":{"rendered":"Shave your head"},"content":{"rendered":"\n<div style=\"height:100px\" aria-hidden=\"true\" class=\"wp-block-spacer\"><\/div>\n\n<h1 class=\"wp-block-heading\">Head shaving for men<\/h1>\n\n<p>The bald male head has served many purposes over the millennia, be it for reasons of hygiene, religion, punishment, culture or practicality. For us, the first thing that comes to mind when we think of a bald head is probably the military, because in this area it is considered a standard uniform. This was not only important for hygiene reasons, but also for convenience and speed. Neither the quick preparation in the morning, nor the comfort of wearing a helmet, allowed the wearing of various long hairstyles.<\/p>\n\n<p>  Many people associate bald heads with various problems, such as illness or excessive hair loss, but in fact none of these are the main causes of baldness. Many people choose this style for its simplicity, speed and comfort, but fashion is not the least of the reasons, as it has become quite popular. The biggest problem is that it looks so easy that many people start to do their hair at home and go bald. Here comes the razor, and with it the cuts. On your own, you don&#8217;t get a good and proper angle to the whole part of your head, and in almost all cases they cut your head back together. This does not happen here! We work with a blade, which gives a much more efficient and beautiful result, and we have perfect access to all the small parts! Be sure to get a professional barber to style your bald head!<\/p>\n\n<div style=\"height:20px\" aria-hidden=\"true\" class=\"wp-block-spacer\"><\/div>\n\n<figure class=\"wp-block-image aligncenter size-full\"><img loading=\"lazy\" decoding=\"async\" width=\"1000\" height=\"667\" src=\"https:\/\/gcutzbarbershop.hu\/wp-content\/uploads\/2021\/11\/shutterstock_1819191986-1.jpg\" alt=\"head shaving in salon\" class=\"wp-image-361\" srcset=\"https:\/\/gcutzbarbershop.hu\/wp-content\/uploads\/2021\/11\/shutterstock_1819191986-1.jpg 1000w, https:\/\/gcutzbarbershop.hu\/wp-content\/uploads\/2021\/11\/shutterstock_1819191986-1-300x200.jpg 300w, https:\/\/gcutzbarbershop.hu\/wp-content\/uploads\/2021\/11\/shutterstock_1819191986-1-768x512.jpg 768w\" sizes=\"(max-width: 1000px) 100vw, 1000px\" \/><\/figure>\n\n<h2 class=\"wp-block-heading\">  When is a head shave justified?  <\/h2>\n\n<p>There&#8217;s no time or life situation to justify, anyone can go bald at any time. If someone is experiencing drastic hair loss prematurely and is bothered by bald patches or patchy hairstyles, shaving their head can be a great solution.<\/p>\n\n<p>Not only age and physical signs can justify shaving your head, but also fashion and the desire for simplicity. There are men whose style and charisma is much better suited to a bad-boy, balding style, and for them it&#8217;s not a question of whether or not to go bald. Anyone can choose to go bald at any time, for any reason, if they like it and can &#8220;wear&#8221; it with confidence.<\/p>\n\n<h2 class=\"wp-block-heading\">  A bald head can also be a female magnet  <\/h2>\n\n<p>Although many people think that there is nothing more attractive to a woman than a neat and tidy hairstyle, the fact is that this is only partly true. There is evidence that a bald head is particularly attractive to women, and most people associate it with the characteristics of a confident, strong and brave man. So if your goal is to impress the weaker sex, you can easily do it with a head shave.<\/p>\n\n<div style=\"height:20px\" aria-hidden=\"true\" class=\"wp-block-spacer\"><\/div>\n\n<figure class=\"wp-block-image aligncenter size-full\"><img loading=\"lazy\" decoding=\"async\" width=\"1000\" height=\"664\" src=\"https:\/\/gcutzbarbershop.hu\/wp-content\/uploads\/2021\/11\/shutterstock_197632982.jpg\" alt=\"shaving with a razor\" class=\"wp-image-362\" srcset=\"https:\/\/gcutzbarbershop.hu\/wp-content\/uploads\/2021\/11\/shutterstock_197632982.jpg 1000w, https:\/\/gcutzbarbershop.hu\/wp-content\/uploads\/2021\/11\/shutterstock_197632982-300x199.jpg 300w, https:\/\/gcutzbarbershop.hu\/wp-content\/uploads\/2021\/11\/shutterstock_197632982-768x510.jpg 768w\" sizes=\"(max-width: 1000px) 100vw, 1000px\" \/><\/figure>\n\n<h2 class=\"wp-block-heading\">  The shaving of the head  <\/h2>\n\n<p>The first and most important step in getting a bald look is to find a professional barber you trust 100%. You may be thinking, why do you need a barber, a razor will do the job in a jiffy, but in reality shaving your head is not so simple and straightforward. There&#8217;s also a shaving area at the back, which is obviously not visible, and it&#8217;s not easy to keep the razor at the right angle all the time. It&#8217;s always worth seeking the help of a barber if you want to avoid injury and redness.<\/p>\n\n<h2 class=\"wp-block-heading\">  Head shaving at the G-cutz barber shop  <\/h2>\n\n<p><p>The head shave at <a href=\"https:\/\/gcutzbarbershop.hu\/borbelyt-keresel-budapesten-akkor-ismerd-meg-a-g-cutz-barber-shop-csapatat\/\" target=\"_blank\" rel=\"noreferrer noopener\" data-mce-href=\"https:\/\/gcutzbarbershop.hu\/borbelyt-keresel-budapesten-akkor-ismerd-meg-a-g-cutz-barber-shop-csapatat\/\">G-cutz<\/a> barber shop can be done in two different images. You can ask for a machine or a blade. We prefer the blade because it gives a more beautiful and longer lasting result. You don&#8217;t have to worry about any possible damage or inconvenience, our barbers will do it with the utmost care and precision.<\/p><\/p>\n\n<p>When you come to us, we&#8217;ll talk through your requests so we know exactly what you want. If you request a blade service, we apply shaving cream or gel to your scalp and then start shaving. We&#8217;ll gently, meticulously remove any hairs so you leave with a completely smooth head. When you&#8217;re ready, we remove the shaving cream or gel from your head and apply a soothing cream to your scalp to soothe the post-shave skin.<\/p>\n\n<p><p><strong>Tip:<\/strong><em> If you have sensitive skin, it&#8217;s a good idea to ask for a shave with a machine, as it&#8217;s much less likely to cause chapping and redness. Unfortunately, some skins are so sensitive that even if you use the blade with perfect precision, redness cannot be avoided. So if you&#8217;re aware of your skin&#8217;s sensitivity, ask for a mechanical shave! <\/em>?<\/p><\/p>\n\n<div style=\"height:20px\" aria-hidden=\"true\" class=\"wp-block-spacer\"><\/div>\n\n<blockquote class=\"wp-block-quote is-layout-flow wp-block-quote-is-layout-flow\">\n<p><\/p>\n<cite>  Don&#8217;t forget to ask for your complimentary chilled beer or whisky, because it&#8217;s free with all our services! If you&#8217;re still busy, or you&#8217;ve driven in, throw in a soft drink.  <\/cite><\/blockquote>\n\n<div style=\"height:20px\" aria-hidden=\"true\" class=\"wp-block-spacer\"><\/div>\n\n<div style=\"height:25px\" aria-hidden=\"true\" class=\"wp-block-spacer\"><\/div>\n\n<figure class=\"wp-block-image aligncenter size-full\"><img loading=\"lazy\" decoding=\"async\" width=\"1000\" height=\"1000\" src=\"https:\/\/gcutzbarbershop.hu\/wp-content\/uploads\/2021\/12\/6-3-1-1.jpg\" alt=\"\" class=\"wp-image-22283\" srcset=\"https:\/\/gcutzbarbershop.hu\/wp-content\/uploads\/2021\/12\/6-3-1-1.jpg 1000w, https:\/\/gcutzbarbershop.hu\/wp-content\/uploads\/2021\/12\/6-3-1-1-300x300.jpg 300w, https:\/\/gcutzbarbershop.hu\/wp-content\/uploads\/2021\/12\/6-3-1-1-150x150.jpg 150w, https:\/\/gcutzbarbershop.hu\/wp-content\/uploads\/2021\/12\/6-3-1-1-768x768.jpg 768w, https:\/\/gcutzbarbershop.hu\/wp-content\/uploads\/2021\/12\/6-3-1-1-360x360.jpg 360w, https:\/\/gcutzbarbershop.hu\/wp-content\/uploads\/2021\/12\/6-3-1-1-600x600.jpg 600w\" sizes=\"(max-width: 1000px) 100vw, 1000px\" \/><\/figure>\n\n<div style=\"height:25px\" aria-hidden=\"true\" class=\"wp-block-spacer\"><\/div>\n\n<h2 class=\"wp-block-heading\">  Who is head shaving recommended for?  <\/h2>\n\n<p>For anyone! If you&#8217;re going bald heavily and want to erase the visible signs of it, or if you just want a more manageable look or a new style! Remember, determination and professional barber! Nothing else.<\/p>\n\n<h2 class=\"wp-block-heading\">  Advantages of a bald head  <\/h2>\n\n<ul class=\"wp-block-list\">\n<li>it requires no effort or care, just regular visits to the barber or, if you&#8217;re experienced, you can cut it yourself<\/li>\n\n\n\n<li>goodbye morning styling, fretting and rushing<\/li>\n\n\n\n<li>powerful, charming and bad*ss<\/li>\n<\/ul>\n\n<p><\/p>\n\n<h2 class=\"wp-block-heading\">  Booking an appointment at the G-cutz barber shop  <\/h2>\n\n<p><p>You can book an appointment online, anywhere, anytime. All you have to do is click on the book an appointment button, select the service you want to use and then choose the time that suits you best. You will then only need to provide a few basic details to confirm your booking. Once you&#8217;ve done this, we&#8217;ll send you a confirmation email with all the important details and information about your booking. We are waiting for you at the G-cutz <a href=\"https:\/\/gcutzbarbershop.hu\/en\/\" target=\"_blank\" rel=\"noreferrer noopener\" data-mce-href=\"https:\/\/gcutzbarbershop.hu\/en\/\">barber shop<\/a> at 16 Erzs\u00e9bet k\u00f6r\u00fat, between Blaha and Wessel\u00e9nyi.<\/p><\/p>\n\n<div class=\"wp-block-buttons is-horizontal is-content-justification-center is-layout-flex wp-container-core-buttons-is-layout-1 wp-block-buttons-is-layout-flex\">\n<div class=\"wp-block-button\"><a class=\"wp-block-button__link wp-element-button\" href=\"https:\/\/www.fresha.com\/providers\/gents-of-budapest-w8f943tp?allOffer=true\" target=\"_blank\" rel=\"noreferrer noopener\">BOOK NOW<\/a><\/div>\n<\/div>\n\n<div style=\"height:100px\" aria-hidden=\"true\" class=\"wp-block-spacer\"><\/div>\n","protected":false},"excerpt":{"rendered":"<p>Head shaving for men The bald male head has served many purposes over the millennia, be it for reasons of hygiene, religion, punishment, culture or practicality. For us, the first thing that comes to mind when we think of a bald head is probably the military, because in this area it is considered a standard [&hellip;]<\/p>\n","protected":false},"author":7,"featured_media":0,"parent":0,"menu_order":0,"comment_status":"closed","ping_status":"closed","template":"","meta":{"disable_template_blocks":false,"footnotes":""},"class_list":["post-24036","page","type-page","status-publish","hentry"],"yoast_head":"<!-- This site is optimized with the Yoast SEO plugin v25.2 - https:\/\/yoast.com\/wordpress\/plugins\/seo\/ -->\n<title>Shave your head<\/title>\n<meta name=\"description\" content=\"Do you want perfect baldness? Forget the haircutter and razor at home! Step up and try a real head shave!\" \/>\n<meta name=\"robots\" content=\"index, follow, max-snippet:-1, max-image-preview:large, max-video-preview:-1\" \/>\n<link rel=\"canonical\" href=\"https:\/\/gcutzbarbershop.hu\/en\/shave-your-head\/\" \/>\n<meta property=\"og:locale\" content=\"en_US\" \/>\n<meta property=\"og:type\" content=\"article\" \/>\n<meta property=\"og:title\" content=\"Shave your head\" \/>\n<meta property=\"og:description\" content=\"Do you want perfect baldness? Forget the haircutter and razor at home! Step up and try a real head shave!\" \/>\n<meta property=\"og:url\" content=\"https:\/\/gcutzbarbershop.hu\/en\/shave-your-head\/\" \/>\n<meta property=\"og:site_name\" content=\"G-cutz barber shop\" \/>\n<meta property=\"article:modified_time\" content=\"2024-09-23T18:38:52+00:00\" \/>\n<meta property=\"og:image\" content=\"https:\/\/gcutzbarbershop.hu\/wp-content\/uploads\/2021\/11\/shutterstock_1819191986-1.jpg\" \/>\n<meta name=\"twitter:card\" content=\"summary_large_image\" \/>\n<meta name=\"twitter:label1\" content=\"Est. reading time\" \/>\n\t<meta name=\"twitter:data1\" content=\"4 minutes\" \/>\n<script type=\"application\/ld+json\" class=\"yoast-schema-graph\">{\"@context\":\"https:\/\/schema.org\",\"@graph\":[{\"@type\":\"WebPage\",\"@id\":\"https:\/\/gcutzbarbershop.hu\/en\/shave-your-head\/\",\"url\":\"https:\/\/gcutzbarbershop.hu\/en\/shave-your-head\/\",\"name\":\"Shave your head\",\"isPartOf\":{\"@id\":\"https:\/\/gcutzbarbershop.hu\/en\/#website\"},\"primaryImageOfPage\":{\"@id\":\"https:\/\/gcutzbarbershop.hu\/en\/shave-your-head\/#primaryimage\"},\"image\":{\"@id\":\"https:\/\/gcutzbarbershop.hu\/en\/shave-your-head\/#primaryimage\"},\"thumbnailUrl\":\"https:\/\/gcutzbarbershop.hu\/wp-content\/uploads\/2021\/11\/shutterstock_1819191986-1.jpg\",\"datePublished\":\"2021-11-18T19:03:55+00:00\",\"dateModified\":\"2024-09-23T18:38:52+00:00\",\"description\":\"Do you want perfect baldness? Forget the haircutter and razor at home! Step up and try a real head shave!\",\"breadcrumb\":{\"@id\":\"https:\/\/gcutzbarbershop.hu\/en\/shave-your-head\/#breadcrumb\"},\"inLanguage\":\"en-US\",\"potentialAction\":[{\"@type\":\"ReadAction\",\"target\":[\"https:\/\/gcutzbarbershop.hu\/en\/shave-your-head\/\"]}]},{\"@type\":\"ImageObject\",\"inLanguage\":\"en-US\",\"@id\":\"https:\/\/gcutzbarbershop.hu\/en\/shave-your-head\/#primaryimage\",\"url\":\"https:\/\/gcutzbarbershop.hu\/wp-content\/uploads\/2021\/11\/shutterstock_1819191986-1.jpg\",\"contentUrl\":\"https:\/\/gcutzbarbershop.hu\/wp-content\/uploads\/2021\/11\/shutterstock_1819191986-1.jpg\"},{\"@type\":\"BreadcrumbList\",\"@id\":\"https:\/\/gcutzbarbershop.hu\/en\/shave-your-head\/#breadcrumb\",\"itemListElement\":[{\"@type\":\"ListItem\",\"position\":1,\"name\":\"Kezd\u0151lap\",\"item\":\"https:\/\/gcutzbarbershop.hu\/en\/\"},{\"@type\":\"ListItem\",\"position\":2,\"name\":\"Shave your head\"}]},{\"@type\":\"WebSite\",\"@id\":\"https:\/\/gcutzbarbershop.hu\/en\/#website\",\"url\":\"https:\/\/gcutzbarbershop.hu\/en\/\",\"name\":\"G-cutz barber shop\",\"description\":\"Barber shop Budapest, F\u00e9rfi fodr\u00e1szat \u00e9s borb\u00e9ly - Blaha Erzs\u00e9bet k\u00f6r\u00fat 16\",\"potentialAction\":[{\"@type\":\"SearchAction\",\"target\":{\"@type\":\"EntryPoint\",\"urlTemplate\":\"https:\/\/gcutzbarbershop.hu\/en\/?s={search_term_string}\"},\"query-input\":{\"@type\":\"PropertyValueSpecification\",\"valueRequired\":true,\"valueName\":\"search_term_string\"}}],\"inLanguage\":\"en-US\"}]}<\/script>\n<!-- \/ Yoast SEO plugin. -->","yoast_head_json":{"title":"Shave your head","description":"Do you want perfect baldness? Forget the haircutter and razor at home! Step up and try a real head shave!","robots":{"index":"index","follow":"follow","max-snippet":"max-snippet:-1","max-image-preview":"max-image-preview:large","max-video-preview":"max-video-preview:-1"},"canonical":"https:\/\/gcutzbarbershop.hu\/en\/shave-your-head\/","og_locale":"en_US","og_type":"article","og_title":"Shave your head","og_description":"Do you want perfect baldness? Forget the haircutter and razor at home! Step up and try a real head shave!","og_url":"https:\/\/gcutzbarbershop.hu\/en\/shave-your-head\/","og_site_name":"G-cutz barber shop","article_modified_time":"2024-09-23T18:38:52+00:00","og_image":[{"url":"https:\/\/gcutzbarbershop.hu\/wp-content\/uploads\/2021\/11\/shutterstock_1819191986-1.jpg","type":"","width":"","height":""}],"twitter_card":"summary_large_image","twitter_misc":{"Est. reading time":"4 minutes"},"schema":{"@context":"https:\/\/schema.org","@graph":[{"@type":"WebPage","@id":"https:\/\/gcutzbarbershop.hu\/en\/shave-your-head\/","url":"https:\/\/gcutzbarbershop.hu\/en\/shave-your-head\/","name":"Shave your head","isPartOf":{"@id":"https:\/\/gcutzbarbershop.hu\/en\/#website"},"primaryImageOfPage":{"@id":"https:\/\/gcutzbarbershop.hu\/en\/shave-your-head\/#primaryimage"},"image":{"@id":"https:\/\/gcutzbarbershop.hu\/en\/shave-your-head\/#primaryimage"},"thumbnailUrl":"https:\/\/gcutzbarbershop.hu\/wp-content\/uploads\/2021\/11\/shutterstock_1819191986-1.jpg","datePublished":"2021-11-18T19:03:55+00:00","dateModified":"2024-09-23T18:38:52+00:00","description":"Do you want perfect baldness? Forget the haircutter and razor at home! Step up and try a real head shave!","breadcrumb":{"@id":"https:\/\/gcutzbarbershop.hu\/en\/shave-your-head\/#breadcrumb"},"inLanguage":"en-US","potentialAction":[{"@type":"ReadAction","target":["https:\/\/gcutzbarbershop.hu\/en\/shave-your-head\/"]}]},{"@type":"ImageObject","inLanguage":"en-US","@id":"https:\/\/gcutzbarbershop.hu\/en\/shave-your-head\/#primaryimage","url":"https:\/\/gcutzbarbershop.hu\/wp-content\/uploads\/2021\/11\/shutterstock_1819191986-1.jpg","contentUrl":"https:\/\/gcutzbarbershop.hu\/wp-content\/uploads\/2021\/11\/shutterstock_1819191986-1.jpg"},{"@type":"BreadcrumbList","@id":"https:\/\/gcutzbarbershop.hu\/en\/shave-your-head\/#breadcrumb","itemListElement":[{"@type":"ListItem","position":1,"name":"Kezd\u0151lap","item":"https:\/\/gcutzbarbershop.hu\/en\/"},{"@type":"ListItem","position":2,"name":"Shave your head"}]},{"@type":"WebSite","@id":"https:\/\/gcutzbarbershop.hu\/en\/#website","url":"https:\/\/gcutzbarbershop.hu\/en\/","name":"G-cutz barber shop","description":"Barber shop Budapest, F\u00e9rfi fodr\u00e1szat \u00e9s borb\u00e9ly - Blaha Erzs\u00e9bet k\u00f6r\u00fat 16","potentialAction":[{"@type":"SearchAction","target":{"@type":"EntryPoint","urlTemplate":"https:\/\/gcutzbarbershop.hu\/en\/?s={search_term_string}"},"query-input":{"@type":"PropertyValueSpecification","valueRequired":true,"valueName":"search_term_string"}}],"inLanguage":"en-US"}]}},"_links":{"self":[{"href":"https:\/\/gcutzbarbershop.hu\/en\/wp-json\/wp\/v2\/pages\/24036"}],"collection":[{"href":"https:\/\/gcutzbarbershop.hu\/en\/wp-json\/wp\/v2\/pages"}],"about":[{"href":"https:\/\/gcutzbarbershop.hu\/en\/wp-json\/wp\/v2\/types\/page"}],"author":[{"embeddable":true,"href":"https:\/\/gcutzbarbershop.hu\/en\/wp-json\/wp\/v2\/users\/7"}],"replies":[{"embeddable":true,"href":"https:\/\/gcutzbarbershop.hu\/en\/wp-json\/wp\/v2\/comments?post=24036"}],"version-history":[{"count":6,"href":"https:\/\/gcutzbarbershop.hu\/en\/wp-json\/wp\/v2\/pages\/24036\/revisions"}],"predecessor-version":[{"id":24260,"href":"https:\/\/gcutzbarbershop.hu\/en\/wp-json\/wp\/v2\/pages\/24036\/revisions\/24260"}],"wp:attachment":[{"href":"https:\/\/gcutzbarbershop.hu\/en\/wp-json\/wp\/v2\/media?parent=24036"}],"curies":[{"name":"wp","href":"https:\/\/api.w.org\/{rel}","templated":true}]}}